{"id":963,"date":"2025-08-28T14:36:05","date_gmt":"2025-08-28T12:36:05","guid":{"rendered":"https:\/\/lautomneseranoir.fr\/?page_id=963"},"modified":"2025-08-28T14:36:05","modified_gmt":"2025-08-28T12:36:05","slug":"dossier-de-presse","status":"publish","type":"page","link":"https:\/\/lautomneseranoir.fr\/index.php\/dossier-de-presse\/","title":{"rendered":"Dossier de Presse"},"content":{"rendered":"\n<p><strong>Dossier de Presse<\/strong><br><strong>Salon du Polar &#8211; \u00ab\u00a0L&rsquo;automne sera noir\u00a0\u00bb<\/strong><br><em>Du 13 au 14 septembre 2025<\/em><br>Lieu : Le Deschaux, Jura<br><img loading=\"lazy\" decoding=\"async\" width=\"606\" height=\"2\" src=\"file:\/\/\/C:\/Users\/denis\/AppData\/Local\/Temp\/msohtmlclip1\/01\/clip_image001.png\"><br>1. <strong>Pr\u00e9sentation du Salon du Polar &#8211; \u00ab\u00a0L&rsquo;automne sera noir\u00a0\u00bb<\/strong><br>Du 13 au 14 septembre 2025, le village du Deschaux, nich\u00e9 au c\u0153ur du Jura, accueillera la 7\u00e8me \u00e9dition du salon du Polar \u00ab\u00a0L&rsquo;automne sera noir\u00a0\u00bb. Cet \u00e9v\u00e9nement d\u00e9di\u00e9 aux amateurs de litt\u00e9rature noire, polici\u00e8re et thriller r\u00e9unira auteurs, \u00e9diteurs, journalistes et passionn\u00e9s autour d&rsquo;un programme riche en rencontres, d\u00e9bats et animations.<br>\u00ab\u00a0L&rsquo;automne sera noir\u00a0\u00bb est un \u00e9v\u00e9nement phare pour tous ceux qui sont fascin\u00e9s par les enqu\u00eates, les intrigues palpitantes et les atmosph\u00e8res sombres propres au genre du polar. Le salon est un moment privil\u00e9gi\u00e9 pour d\u00e9couvrir les derni\u00e8res parutions, rencontrer des auteurs de renom, participer \u00e0 des conf\u00e9rences et des ateliers, tout en plongeant dans l&rsquo;univers de la litt\u00e9rature polici\u00e8re.<br>Cette manifestation est organis\u00e9e par l\u2019association \u00ab\u00a0L\u2019Automne sera Noir\u00a0\u00bb qui est pr\u00e9sid\u00e9 par Michel VENEL.<br><img loading=\"lazy\" decoding=\"async\" width=\"606\" height=\"2\" src=\"file:\/\/\/C:\/Users\/denis\/AppData\/Local\/Temp\/msohtmlclip1\/01\/clip_image002.png\"><br>2. <strong>Objectifs du Salon<\/strong><br><strong>Valoriser la litt\u00e9rature noire et polici\u00e8re<\/strong> : Promouvoir la diversit\u00e9 du genre en mettant en lumi\u00e8re des auteurs contemporains et des talents \u00e9mergents.<br><strong>Cr\u00e9er une rencontre entre les professionnels et le public<\/strong> : Favoriser les \u00e9changes entre \u00e9crivains, \u00e9diteurs, libraires et lecteurs.<br><strong>Stimuler l&rsquo;imaginaire des visiteurs<\/strong> : \u00c0 travers des conf\u00e9rences, des d\u00e9bats et des ateliers, offrir une immersion dans les univers du polar.<br><strong>C\u00e9l\u00e9brer l&rsquo;esprit du noir<\/strong> : Mettre en avant l&rsquo;originalit\u00e9 et la richesse de ce genre litt\u00e9raire, entre atmosph\u00e8res angoissantes et intrigues complexes.<br><img loading=\"lazy\" decoding=\"async\" width=\"606\" height=\"2\" src=\"file:\/\/\/C:\/Users\/denis\/AppData\/Local\/Temp\/msohtmlclip1\/01\/clip_image002.png\"><br>3. <strong>Th\u00e9matiques de l&rsquo;\u00e9dition 2025<\/strong><br>L&rsquo;\u00e9dition 2025 du salon se concentrera sur plusieurs axes qui r\u00e9sonnent particuli\u00e8rement dans le paysage actuel du polar :<br><strong>Le polar au f\u00e9minin<\/strong> : Focus sur les autrices qui ont marqu\u00e9 le genre et qui explorent des th\u00e9matiques sociales et contemporaines \u00e0 travers leurs intrigues. Des membres et auteurs du collectif \u00ab\u00a0Les Louves du Polar\u00a0\u00bb seront pr\u00e9sentes.<br><strong>Les nouvelles formes du polar<\/strong> : De l&rsquo;int\u00e9gration du digital aux narrations non lin\u00e9aires, comment le polar \u00e9volue avec les nouveaux m\u00e9dias.<br><strong>Le polar r\u00e9gional<\/strong> : Un regard sur les \u00e9crivains qui explorent les paysages et les r\u00e9alit\u00e9s de leurs r\u00e9gions.<br><img loading=\"lazy\" decoding=\"async\" width=\"606\" height=\"2\" src=\"file:\/\/\/C:\/Users\/denis\/AppData\/Local\/Temp\/msohtmlclip1\/01\/clip_image002.png\"><br>4. <strong>Invit\u00e9s d&rsquo;honneur et Auteurs phares<\/strong><br>Le salon \u00ab\u00a0L&rsquo;automne sera noir\u00a0\u00bb s&rsquo;attache \u00e0 inviter des auteurs de renom qui ont marqu\u00e9 le monde du polar. Pour l\u2019\u00e9dition 2025, des noms incontournables du genre, tant fran\u00e7ais qu&rsquo;internationaux, seront pr\u00e9sents pour \u00e9changer avec le public :<br><strong>Auteurs pr\u00e9sents au salon <\/strong>:<br>Isabelle VILLAIN <a href=\"#_ftn1\" id=\"_ftnref1\">[1]<\/a> \u2013 Marraine du salon<br>Clarence PITZ <a href=\"#_ftn1\" id=\"_ftnref1\">[1]<\/a> \u00a0\u2013 Invit\u00e9 d\u2019honneur<br>Magalie COLLET <a href=\"#_ftn1\" id=\"_ftnref1\">[1]<\/a><br>Fr\u00e9d\u00e9ric ERNOTTE<br>G\u00e9rard SARYAN<br>C\u00e9line SERVAT<a href=\"#_ftn1\" id=\"_ftnref1\"> [1]<\/a><br>Ga\u00eblle PERRIN GUILLET<br>Lou VERNET<br>Christian GUILLERME<br>Christine ACCARDI <a href=\"#_ftn1\" id=\"_ftnref1\">[1]<\/a><br>Mathieu BERTRAND<br>Sylvie CALLET<br>\u00c9ric DUPUIS<br>Guillaume COQUERY<br>Nicolas NUTTEN<br>Laurent PHILIPPARIE<br>Fr\u00e9d\u00e9ric BERTIN DENIS<br>Constance RAMEAUX<br>Philippe B\u00c9TRY<br>C\u00e9line BR\u00c9ANT<br><strong>Auteurs r\u00e9gionaux<\/strong> :<br>Constance RAMEAUX<br>Fr\u00e9d\u00e9ric BERTIN DENIS<br>Philippe B\u00c9TRY<br>Des \u00e9crivains locaux auront \u00e9galement la possibilit\u00e9 de pr\u00e9senter leurs \u0153uvres et d&rsquo;\u00e9changer avec le public.<br><img loading=\"lazy\" decoding=\"async\" width=\"606\" height=\"2\" src=\"file:\/\/\/C:\/Users\/denis\/AppData\/Local\/Temp\/msohtmlclip1\/01\/clip_image003.png\"><br>5. <strong>Programme et Animations<\/strong><br>Le salon proposera une multitude d&rsquo;activit\u00e9s pour enrichir l&rsquo;exp\u00e9rience des visiteurs :<br><strong>Rencontres et d\u00e9dicaces<\/strong> : Auteurs et \u00e9diteurs vous accueilleront pour discuter de leurs \u0153uvres et vous d\u00e9dicacer leurs livres.<br><strong>Conf\u00e9rences et d\u00e9bats<\/strong> : Des discussions autour des th\u00e9matiques majeures du genre, anim\u00e9es par des experts et des journalistes sp\u00e9cialis\u00e9s.<br><strong>Enigme polar <\/strong>: Un jeu \u00e9nigme sera propos\u00e9 \u00e0 tous les visiteurs du salon. Les joueurs ayant trouv\u00e9 la bonne r\u00e9ponse participeront \u00e0 un tirage au sort le dimanche \u00e0 17h30 pour gagner des livres des auteurs pr\u00e9sents au salon.<br><strong>Tombola <\/strong>: Une tombola est organis\u00e9e avec un tirage au sort le dimanche \u00e0 17h30, offrant la chance de gagner des livres des auteurs pr\u00e9sents au salon.<br><img loading=\"lazy\" decoding=\"async\" width=\"606\" height=\"2\" src=\"file:\/\/\/C:\/Users\/denis\/AppData\/Local\/Temp\/msohtmlclip1\/01\/clip_image002.png\"><br>6. <strong>Informations pratiques<\/strong><br><strong>Dates<\/strong> : 13 et 14 septembre 2025<br><strong>Lieu<\/strong> : Salle des f\u00eates \u2013 1 route de Dole \u2013 39120 Le Deschaux<br><strong>Horaires<\/strong> : Samedi de 14h30 \u00e0 18h00 \u2013 Dimanche de 10h00 \u00e0 18h00<br><strong>Tarifs<\/strong> : Entr\u00e9e gratuite<br><strong>Accessibilit\u00e9<\/strong> : Le salon est accessible aux personnes \u00e0 mobilit\u00e9 r\u00e9duite. Un parking est pr\u00e9vu pour les visiteurs.<br><strong>Restauration et bar\u00a0<\/strong>: Durant le salon un bar est ouvert. Le dimanche midi une restauration est possible, le nombre de place est limit\u00e9. Le prix du repas est \u00e0 20 \u20ac. Les boissons sont non comprises.<br><img loading=\"lazy\" decoding=\"async\" width=\"606\" height=\"2\" src=\"file:\/\/\/C:\/Users\/denis\/AppData\/Local\/Temp\/msohtmlclip1\/01\/clip_image004.png\"><br>7. <strong>Partenaires et Sponsors<\/strong><br>Le salon b\u00e9n\u00e9ficie du soutien d&rsquo;institutions locales et de nombreux partenaires :<br><strong>Mairie du Deschaux<\/strong><br><strong>Conseil d\u00e9partemental du Jura<\/strong><br><strong>Communaut\u00e9 d\u2019agglom\u00e9ration du Grand Dole<\/strong><br><strong>Le r\u00e9seau des m\u00e9diath\u00e8ques du Grand Dole<\/strong><br><strong>Librairie Passerelle \u2013 Dole<\/strong><br><strong>Cr\u00e9dit Agricole Franche-Comt\u00e9<\/strong><br><strong>Les Oizeaux de Passage \u2013 Arc-et-Senans<\/strong><br><img loading=\"lazy\" decoding=\"async\" width=\"606\" height=\"2\" src=\"file:\/\/\/C:\/Users\/denis\/AppData\/Local\/Temp\/msohtmlclip1\/01\/clip_image003.png\"><br>8. <strong>Contact Presse<\/strong><br>Pour toute demande d&rsquo;informations, d&rsquo;interviews ou de visuels, merci de contacter :<br><strong>Michel VENEL ou Denis COUTURIER (secr\u00e9taire de l\u2019association)<\/strong><br>T\u00e9l\u00e9phone : 06 51 13 05 91 \u2013 07 61 25 62 13<br>Email : <a href=\"mailto:info@lautomneseranoir.fr\">info@lautomneseranoir.fr<\/a><br><img loading=\"lazy\" decoding=\"async\" width=\"606\" height=\"2\" src=\"file:\/\/\/C:\/Users\/denis\/AppData\/Local\/Temp\/msohtmlclip1\/01\/clip_image001.png\"><br>9. <strong>Conclusion<\/strong><br>\u00ab\u00a0L&rsquo;automne sera noir\u00a0\u00bb se positionne comme un \u00e9v\u00e9nement incontournable pour tous les passionn\u00e9s de polar du Jura et de la Franche Comt\u00e9. Entre rencontres, d\u00e9couvertes litt\u00e9raires et moments d&rsquo;\u00e9changes conviviaux, ce salon promet de plonger les visiteurs dans une exp\u00e9rience unique au c\u0153ur du genre noir.<br>Rendez-vous au Deschaux, pour une immersion totale dans l&rsquo;univers captivant du polar !<\/p>\n\n\n\n<p><img loading=\"lazy\" decoding=\"async\" width=\"606\" height=\"2\" src=\"file:\/\/\/C:\/Users\/denis\/AppData\/Local\/Temp\/msohtmlclip1\/01\/clip_image001.png\"><br><strong>Suivez-nous sur le site et les r\u00e9seaux sociaux :<\/strong><br><strong>Site\u00a0: <\/strong>\u00a0<a href=\"http:\/\/www.lautomneseranoir.fr\">www.lautomneseranoir.fr<\/a><br>Facebook : <a href=\"https:\/\/www.facebook.com\/lautomneseranoir\">https:\/\/www.facebook.com\/lautomneseranoir<\/a><br>Instagram : <a href=\"https:\/\/www.instagram.com\/lautomneseranoir\/\">https:\/\/www.instagram.com\/lautomneseranoir\/<\/a><br>#AutomneSeraNoir2025<br><\/p>\n\n\n\n<hr class=\"wp-block-separator has-alpha-channel-opacity is-style-wide\"\/>\n\n\n\n<p><\/p>\n\n\n\n<p><strong>Affiche du Salon 2025 :<\/strong><\/p>\n\n\n\n<figure class=\"wp-block-image size-large\"><img loading=\"lazy\" decoding=\"async\" width=\"723\" height=\"1024\" src=\"https:\/\/lautomneseranoir.fr\/wp-content\/uploads\/2025\/08\/Affiche-Salon-2025-723x1024.jpg\" alt=\"\" class=\"wp-image-964\" srcset=\"https:\/\/lautomneseranoir.fr\/wp-content\/uploads\/2025\/08\/Affiche-Salon-2025-723x1024.jpg 723w, https:\/\/lautomneseranoir.fr\/wp-content\/uploads\/2025\/08\/Affiche-Salon-2025-212x300.jpg 212w, https:\/\/lautomneseranoir.fr\/wp-content\/uploads\/2025\/08\/Affiche-Salon-2025-768x1087.jpg 768w, https:\/\/lautomneseranoir.fr\/wp-content\/uploads\/2025\/08\/Affiche-Salon-2025-1085x1536.jpg 1085w, https:\/\/lautomneseranoir.fr\/wp-content\/uploads\/2025\/08\/Affiche-Salon-2025.jpg 1381w\" sizes=\"auto, (max-width: 723px) 100vw, 723px\" \/><\/figure>\n\n\n\n<p><img loading=\"lazy\" decoding=\"async\" width=\"606\" height=\"2\" src=\"file:\/\/\/C:\/Users\/denis\/AppData\/Local\/Temp\/msohtmlclip1\/01\/clip_image001.png\"><br><br><a href=\"#_ftnref1\" id=\"_ftn1\">[1]<\/a> Auteures du collectif \u00ab\u00a0Les Louves du Polar\u00a0\u00bb<\/p>\n\n\n\n<p><\/p>\n","protected":false},"excerpt":{"rendered":"<p>Dossier de PresseSalon du Polar &#8211; \u00ab\u00a0L&rsquo;automne sera noir\u00a0\u00bbDu 13 au 14 septembre 2025Lieu : Le Deschaux, Jura1. Pr\u00e9sentation du Salon du Polar &#8211; \u00ab\u00a0L&rsquo;automne sera noir\u00a0\u00bbDu 13 au 14 septembre 2025, le village du Deschaux, nich\u00e9 au c\u0153ur du Jura, accueillera la 7\u00e8me \u00e9dition du salon du Polar \u00ab\u00a0L&rsquo;automne sera noir\u00a0\u00bb. Cet \u00e9v\u00e9nement d\u00e9di\u00e9 [&hellip;]<\/p>\n","protected":false},"author":1,"featured_media":0,"parent":0,"menu_order":0,"comment_status":"closed","ping_status":"closed","template":"","meta":{"footnotes":""},"class_list":["post-963","page","type-page","status-publish","hentry"],"_links":{"self":[{"href":"https:\/\/lautomneseranoir.fr\/index.php\/wp-json\/wp\/v2\/pages\/963","targetHints":{"allow":["GET"]}}],"collection":[{"href":"https:\/\/lautomneseranoir.fr\/index.php\/wp-json\/wp\/v2\/pages"}],"about":[{"href":"https:\/\/lautomneseranoir.fr\/index.php\/wp-json\/wp\/v2\/types\/page"}],"author":[{"embeddable":true,"href":"https:\/\/lautomneseranoir.fr\/index.php\/wp-json\/wp\/v2\/users\/1"}],"replies":[{"embeddable":true,"href":"https:\/\/lautomneseranoir.fr\/index.php\/wp-json\/wp\/v2\/comments?post=963"}],"version-history":[{"count":1,"href":"https:\/\/lautomneseranoir.fr\/index.php\/wp-json\/wp\/v2\/pages\/963\/revisions"}],"predecessor-version":[{"id":965,"href":"https:\/\/lautomneseranoir.fr\/index.php\/wp-json\/wp\/v2\/pages\/963\/revisions\/965"}],"wp:attachment":[{"href":"https:\/\/lautomneseranoir.fr\/index.php\/wp-json\/wp\/v2\/media?parent=963"}],"curies":[{"name":"wp","href":"https:\/\/api.w.org\/{rel}","templated":true}]}}