{"id":455,"date":"2023-09-11T10:15:05","date_gmt":"2023-09-11T08:15:05","guid":{"rendered":"https:\/\/lautomneseranoir.fr\/?page_id=455"},"modified":"2023-09-18T10:30:57","modified_gmt":"2023-09-18T08:30:57","slug":"les-debats-du-salon","status":"publish","type":"page","link":"https:\/\/lautomneseranoir.fr\/index.php\/les-debats-du-salon\/","title":{"rendered":"Les d\u00e9bats du salon"},"content":{"rendered":"\n<p>Durant le salon, des d\u00e9bats ont \u00e9t\u00e9 r\u00e9alis\u00e9 avec des auteurs. Ces d\u00e9bats ont \u00e9t\u00e9 anim\u00e9s par <a href=\"https:\/\/www.facebook.com\/marielaure.sifferlen\" data-type=\"link\" data-id=\"https:\/\/www.facebook.com\/marielaure.sifferlen\">Marie-Laure Sifferlen<\/a> qui est blogueuse litt\u00e9raire sur <a href=\"https:\/\/www.mafolielivresque.com\/?fbclid=IwAR3m9RNkYJDqceTkLIAeuy_HaCT8nL7s0_A1aSyKU5GfHljfnnOLi7lGLvQ\" data-type=\"link\" data-id=\"https:\/\/www.mafolielivresque.com\/?fbclid=IwAR3m9RNkYJDqceTkLIAeuy_HaCT8nL7s0_A1aSyKU5GfHljfnnOLi7lGLvQ\">MA FOLIE LIVRESQUE <\/a><\/p>\n\n\n\n<h4 class=\"wp-block-heading has-text-align-center\"><a href=\"https:\/\/www.facebook.com\/didier.fossey.7?__cft__[0]=AZXvBZGjvhXxc1uUUQ42cLaPa1Cajtfuj8_NDcpY3fhIiyUV8RksE3SFAoR9WsVdgFImbW6D_m1ZmB9BjRpCHuuzCrzIhRseUrGFRcub6VUleZlRoPB1Ol7_2hln4tDx4ss270PUAYWjr92gvyrOdE9IuUx9pJ_1rwva_8WpNLVAUs9IgbVThH8YKQ3ulawC1Ho&amp;__tn__=-]K-R\">Didier FOSSEY <\/a>&#8211; <a href=\"https:\/\/www.facebook.com\/isabelle.desaulve.1?__cft__[0]=AZXvBZGjvhXxc1uUUQ42cLaPa1Cajtfuj8_NDcpY3fhIiyUV8RksE3SFAoR9WsVdgFImbW6D_m1ZmB9BjRpCHuuzCrzIhRseUrGFRcub6VUleZlRoPB1Ol7_2hln4tDx4ss270PUAYWjr92gvyrOdE9IuUx9pJ_1rwva_8WpNLVAUs9IgbVThH8YKQ3ulawC1Ho&amp;__tn__=-]K-R\">Isabelle DESAULVE <\/a>&#8211; <a href=\"https:\/\/www.facebook.com\/ophelie.cohen.9?__cft__[0]=AZXvBZGjvhXxc1uUUQ42cLaPa1Cajtfuj8_NDcpY3fhIiyUV8RksE3SFAoR9WsVdgFImbW6D_m1ZmB9BjRpCHuuzCrzIhRseUrGFRcub6VUleZlRoPB1Ol7_2hln4tDx4ss270PUAYWjr92gvyrOdE9IuUx9pJ_1rwva_8WpNLVAUs9IgbVThH8YKQ3ulawC1Ho&amp;__tn__=-]K-R\">Oph\u00e9lie COHEN<\/a> &#8211; <a href=\"https:\/\/www.facebook.com\/xavier.masse.33?__cft__[0]=AZXvBZGjvhXxc1uUUQ42cLaPa1Cajtfuj8_NDcpY3fhIiyUV8RksE3SFAoR9WsVdgFImbW6D_m1ZmB9BjRpCHuuzCrzIhRseUrGFRcub6VUleZlRoPB1Ol7_2hln4tDx4ss270PUAYWjr92gvyrOdE9IuUx9pJ_1rwva_8WpNLVAUs9IgbVThH8YKQ3ulawC1Ho&amp;__tn__=-]K-R\">Xavier MASS\u00c9<\/a><\/h4>\n\n\n\n<figure class=\"wp-block-embed is-type-video is-provider-youtube wp-block-embed-youtube wp-embed-aspect-16-9 wp-has-aspect-ratio\"><div class=\"wp-block-embed__wrapper\">\n<iframe loading=\"lazy\" title=\"Salon du Polar L&#039;Automne sera noir - Didier FOSSEY - Isabelle DESAULVE   Xavier MASSE -Oph\u00e9lie COHEN\" width=\"500\" height=\"281\" src=\"https:\/\/www.youtube.com\/embed\/i4vpVKbB8M8?feature=oembed\" frameborder=\"0\" allow=\"accelerometer; autoplay; clipboard-write; encrypted-media; gyroscope; picture-in-picture; web-share\" referrerpolicy=\"strict-origin-when-cross-origin\" allowfullscreen><\/iframe>\n<\/div><\/figure>\n\n\n\n<div class=\"wp-block-comments\">\t<div id=\"respond\" class=\"comment-respond wp-block-post-comments-form\">\n\t\t<h3 id=\"reply-title\" class=\"comment-reply-title\">Laisser un commentaire <small><a rel=\"nofollow\" id=\"cancel-comment-reply-link\" href=\"\/index.php\/wp-json\/wp\/v2\/pages\/455#respond\" style=\"display:none;\">Annuler la r\u00e9ponse<\/a><\/small><\/h3><form action=\"https:\/\/lautomneseranoir.fr\/wp-comments-post.php\" method=\"post\" id=\"commentform\" class=\"comment-form\"><p class=\"comment-notes\"><span id=\"email-notes\">Votre adresse e-mail ne sera pas publi\u00e9e.<\/span> <span class=\"required-field-message\">Les champs obligatoires sont indiqu\u00e9s avec <span class=\"required\">*<\/span><\/span><\/p><p class=\"comment-form-comment\"><label for=\"comment\">Commentaire <span class=\"required\">*<\/span><\/label> <textarea id=\"comment\" name=\"comment\" cols=\"45\" rows=\"8\" maxlength=\"65525\" required><\/textarea><\/p><p class=\"comment-form-author\"><label for=\"author\">Nom <span class=\"required\">*<\/span><\/label> <input id=\"author\" name=\"author\" type=\"text\" value=\"\" size=\"30\" maxlength=\"245\" autocomplete=\"name\" required \/><\/p>\n<p class=\"comment-form-email\"><label for=\"email\">E-mail <span class=\"required\">*<\/span><\/label> <input id=\"email\" name=\"email\" type=\"email\" value=\"\" size=\"30\" maxlength=\"100\" aria-describedby=\"email-notes\" autocomplete=\"email\" required \/><\/p>\n<p class=\"comment-form-url\"><label for=\"url\">Site web<\/label> <input id=\"url\" name=\"url\" type=\"url\" value=\"\" size=\"30\" maxlength=\"200\" autocomplete=\"url\" \/><\/p>\n<p class=\"comment-form-cookies-consent\"><input id=\"wp-comment-cookies-consent\" name=\"wp-comment-cookies-consent\" type=\"checkbox\" value=\"yes\" \/> <label for=\"wp-comment-cookies-consent\">Enregistrer mon nom, mon e-mail et mon site dans le navigateur pour mon prochain commentaire.<\/label><\/p>\n<p class=\"form-submit wp-block-button\"><input name=\"submit\" type=\"submit\" id=\"submit\" class=\"wp-block-button__link wp-element-button\" value=\"Laisser un commentaire\" \/> <input type='hidden' name='comment_post_ID' value='455' id='comment_post_ID' \/>\n<input type='hidden' name='comment_parent' id='comment_parent' value='0' \/>\n<\/p><\/form>\t<\/div><!-- #respond -->\n\t\n\n\n\n<\/div>\n\n\n\n<hr class=\"wp-block-separator has-alpha-channel-opacity\"\/>\n\n\n\n<h4 class=\"wp-block-heading has-text-align-center\"><a href=\"https:\/\/www.facebook.com\/romain.martin.792?__cft__[0]=AZWwgte5lZB-pjCO8_wEEcKzcuQYrj8-A9nTJw1JINKuFfhEat1KqBSzVewuHLWjWHrSGfX3i6dW260LEEj2V1k0roYt8HDsft4kLZt-A5J185CXr7mURCZYoHsBhtNX6BTDnbLrvvtqUdz0D-m7bdzsp-uygAt1jLwhbJSCL-hoSnR5ut2P3Gs35jSdZO9jKgE&amp;__tn__=-]K-R\">Romain R. Martin<\/a> &#8211; <a href=\"https:\/\/www.facebook.com\/MH.Branciard?__cft__[0]=AZWwgte5lZB-pjCO8_wEEcKzcuQYrj8-A9nTJw1JINKuFfhEat1KqBSzVewuHLWjWHrSGfX3i6dW260LEEj2V1k0roYt8HDsft4kLZt-A5J185CXr7mURCZYoHsBhtNX6BTDnbLrvvtqUdz0D-m7bdzsp-uygAt1jLwhbJSCL-hoSnR5ut2P3Gs35jSdZO9jKgE&amp;__tn__=-]K-R\">Branciard Marie-H\u00e9l\u00e8ne<\/a> &#8211; <a href=\"https:\/\/www.facebook.com\/jeanpierre.favard?__cft__[0]=AZWwgte5lZB-pjCO8_wEEcKzcuQYrj8-A9nTJw1JINKuFfhEat1KqBSzVewuHLWjWHrSGfX3i6dW260LEEj2V1k0roYt8HDsft4kLZt-A5J185CXr7mURCZYoHsBhtNX6BTDnbLrvvtqUdz0D-m7bdzsp-uygAt1jLwhbJSCL-hoSnR5ut2P3Gs35jSdZO9jKgE&amp;__tn__=-]K-R\">Jean-Pierre Favard<\/a><\/h4>\n\n\n\n<figure class=\"wp-block-embed is-type-video is-provider-youtube wp-block-embed-youtube wp-embed-aspect-16-9 wp-has-aspect-ratio\"><div class=\"wp-block-embed__wrapper\">\n<iframe loading=\"lazy\" title=\"Salon du Polar L&#039;Automne sera noir - Romain R. MARTIN - Marie-H\u00e9l\u00e9ne BRANCIARD - Jean-Pierre FAVARD\" width=\"500\" height=\"281\" src=\"https:\/\/www.youtube.com\/embed\/XHnh5gMdjb0?feature=oembed\" frameborder=\"0\" allow=\"accelerometer; autoplay; clipboard-write; encrypted-media; gyroscope; picture-in-picture; web-share\" referrerpolicy=\"strict-origin-when-cross-origin\" allowfullscreen><\/iframe>\n<\/div><\/figure>\n\n\n\n<div class=\"wp-block-comments\">\n<div class=\"wp-block-group is-layout-constrained wp-block-group-is-layout-constrained\">\t<div id=\"respond\" class=\"comment-respond wp-block-post-comments-form\">\n\t\t<h3 id=\"reply-title\" class=\"comment-reply-title\">Laisser un commentaire <small><a rel=\"nofollow\" id=\"cancel-comment-reply-link\" href=\"\/index.php\/wp-json\/wp\/v2\/pages\/455#respond\" style=\"display:none;\">Annuler la r\u00e9ponse<\/a><\/small><\/h3><form action=\"https:\/\/lautomneseranoir.fr\/wp-comments-post.php\" method=\"post\" id=\"commentform\" class=\"comment-form\"><p class=\"comment-notes\"><span id=\"email-notes\">Votre adresse e-mail ne sera pas publi\u00e9e.<\/span> <span class=\"required-field-message\">Les champs obligatoires sont indiqu\u00e9s avec <span class=\"required\">*<\/span><\/span><\/p><p class=\"comment-form-comment\"><label for=\"comment\">Commentaire <span class=\"required\">*<\/span><\/label> <textarea id=\"comment\" name=\"comment\" cols=\"45\" rows=\"8\" maxlength=\"65525\" required><\/textarea><\/p><p class=\"comment-form-author\"><label for=\"author\">Nom <span class=\"required\">*<\/span><\/label> <input id=\"author\" name=\"author\" type=\"text\" value=\"\" size=\"30\" maxlength=\"245\" autocomplete=\"name\" required \/><\/p>\n<p class=\"comment-form-email\"><label for=\"email\">E-mail <span class=\"required\">*<\/span><\/label> <input id=\"email\" name=\"email\" type=\"email\" value=\"\" size=\"30\" maxlength=\"100\" aria-describedby=\"email-notes\" autocomplete=\"email\" required \/><\/p>\n<p class=\"comment-form-url\"><label for=\"url\">Site web<\/label> <input id=\"url\" name=\"url\" type=\"url\" value=\"\" size=\"30\" maxlength=\"200\" autocomplete=\"url\" \/><\/p>\n<p class=\"comment-form-cookies-consent\"><input id=\"wp-comment-cookies-consent\" name=\"wp-comment-cookies-consent\" type=\"checkbox\" value=\"yes\" \/> <label for=\"wp-comment-cookies-consent\">Enregistrer mon nom, mon e-mail et mon site dans le navigateur pour mon prochain commentaire.<\/label><\/p>\n<p class=\"form-submit wp-block-button\"><input name=\"submit\" type=\"submit\" id=\"submit\" class=\"wp-block-button__link wp-element-button\" value=\"Laisser un commentaire\" \/> <input type='hidden' name='comment_post_ID' value='455' id='comment_post_ID' \/>\n<input type='hidden' name='comment_parent' id='comment_parent' value='0' \/>\n<\/p><\/form>\t<\/div><!-- #respond -->\n\t\n\n\n\n<\/div>\n<\/div>\n\n\n\n<hr class=\"wp-block-separator has-alpha-channel-opacity\"\/>\n\n\n\n<h4 class=\"wp-block-heading has-text-align-center\"><a href=\"https:\/\/www.facebook.com\/danielle.thiery.5?__cft__[0]=AZV4a11T0au2bOkNnCw7MClzaHmWAz7arUkPmP53VWLznf0tVsZ_eMJlAte-dXicTeQ3kDz8tP3sxe0llOM-u1fLRFeXjGN_gy0LHnY_31R2x5P2Mb2wa-pSxmuEVHJZE1y9AbJakJFJQAmuKgAWmxxewgCp1ojQBPQ15uEEUmnmJCX2Sz1qr7JVlG7LasOXCzo&amp;__tn__=-]K-R\">Danielle Thiery<\/a> &#8211; <a href=\"https:\/\/www.facebook.com\/pierre.pouchairet?__cft__[0]=AZV4a11T0au2bOkNnCw7MClzaHmWAz7arUkPmP53VWLznf0tVsZ_eMJlAte-dXicTeQ3kDz8tP3sxe0llOM-u1fLRFeXjGN_gy0LHnY_31R2x5P2Mb2wa-pSxmuEVHJZE1y9AbJakJFJQAmuKgAWmxxewgCp1ojQBPQ15uEEUmnmJCX2Sz1qr7JVlG7LasOXCzo&amp;__tn__=-]K-R\">Pierre Pouchairet<\/a> &#8211; <a href=\"https:\/\/www.facebook.com\/anouk.shutterberg?__cft__[0]=AZV4a11T0au2bOkNnCw7MClzaHmWAz7arUkPmP53VWLznf0tVsZ_eMJlAte-dXicTeQ3kDz8tP3sxe0llOM-u1fLRFeXjGN_gy0LHnY_31R2x5P2Mb2wa-pSxmuEVHJZE1y9AbJakJFJQAmuKgAWmxxewgCp1ojQBPQ15uEEUmnmJCX2Sz1qr7JVlG7LasOXCzo&amp;__tn__=-]K-R\">Anouk Shutterberg<\/a><\/h4>\n\n\n\n<figure class=\"wp-block-embed is-type-video is-provider-youtube wp-block-embed-youtube wp-embed-aspect-16-9 wp-has-aspect-ratio\"><div class=\"wp-block-embed__wrapper\">\n<iframe loading=\"lazy\" title=\"Salon du Polar L&#039;Automne sera noir - Danielle THIERY - Pierre POUCHAIRET - Anouk SHUTTERBERG\" width=\"500\" height=\"281\" src=\"https:\/\/www.youtube.com\/embed\/COqweMDhYfo?start=417&#038;feature=oembed\" frameborder=\"0\" allow=\"accelerometer; autoplay; clipboard-write; encrypted-media; gyroscope; picture-in-picture; web-share\" referrerpolicy=\"strict-origin-when-cross-origin\" allowfullscreen><\/iframe>\n<\/div><\/figure>\n\n\n\n<div class=\"wp-block-comments\">\t<div id=\"respond\" class=\"comment-respond wp-block-post-comments-form\">\n\t\t<h3 id=\"reply-title\" class=\"comment-reply-title\">Laisser un commentaire <small><a rel=\"nofollow\" id=\"cancel-comment-reply-link\" href=\"\/index.php\/wp-json\/wp\/v2\/pages\/455#respond\" style=\"display:none;\">Annuler la r\u00e9ponse<\/a><\/small><\/h3><form action=\"https:\/\/lautomneseranoir.fr\/wp-comments-post.php\" method=\"post\" id=\"commentform\" class=\"comment-form\"><p class=\"comment-notes\"><span id=\"email-notes\">Votre adresse e-mail ne sera pas publi\u00e9e.<\/span> <span class=\"required-field-message\">Les champs obligatoires sont indiqu\u00e9s avec <span class=\"required\">*<\/span><\/span><\/p><p class=\"comment-form-comment\"><label for=\"comment\">Commentaire <span class=\"required\">*<\/span><\/label> <textarea id=\"comment\" name=\"comment\" cols=\"45\" rows=\"8\" maxlength=\"65525\" required><\/textarea><\/p><p class=\"comment-form-author\"><label for=\"author\">Nom <span class=\"required\">*<\/span><\/label> <input id=\"author\" name=\"author\" type=\"text\" value=\"\" size=\"30\" maxlength=\"245\" autocomplete=\"name\" required \/><\/p>\n<p class=\"comment-form-email\"><label for=\"email\">E-mail <span class=\"required\">*<\/span><\/label> <input id=\"email\" name=\"email\" type=\"email\" value=\"\" size=\"30\" maxlength=\"100\" aria-describedby=\"email-notes\" autocomplete=\"email\" required \/><\/p>\n<p class=\"comment-form-url\"><label for=\"url\">Site web<\/label> <input id=\"url\" name=\"url\" type=\"url\" value=\"\" size=\"30\" maxlength=\"200\" autocomplete=\"url\" \/><\/p>\n<p class=\"comment-form-cookies-consent\"><input id=\"wp-comment-cookies-consent\" name=\"wp-comment-cookies-consent\" type=\"checkbox\" value=\"yes\" \/> <label for=\"wp-comment-cookies-consent\">Enregistrer mon nom, mon e-mail et mon site dans le navigateur pour mon prochain commentaire.<\/label><\/p>\n<p class=\"form-submit wp-block-button\"><input name=\"submit\" type=\"submit\" id=\"submit\" class=\"wp-block-button__link wp-element-button\" value=\"Laisser un commentaire\" \/> <input type='hidden' name='comment_post_ID' value='455' id='comment_post_ID' \/>\n<input type='hidden' name='comment_parent' id='comment_parent' value='0' \/>\n<\/p><\/form>\t<\/div><!-- #respond -->\n\t\n\n\n<div class=\"wp-block-group is-layout-constrained wp-block-group-is-layout-constrained\">\n\n<\/div>\n<\/div>\n\n\n\n<hr class=\"wp-block-separator has-alpha-channel-opacity\"\/>\n\n\n\n<h4 class=\"wp-block-heading has-text-align-center\"><a href=\"https:\/\/www.facebook.com\/sandrine.durochat?__cft__[0]=AZX3EsFdbWIwilaxgCptvo-aPbb_UIq6dMeCiMetpiRl5zA0v7MSjRd-aWeYoms5IiLosH9ylsrPz9dOqu8_5c0nKe478VCSgdJJgHV-ZK-wUhp7bG8kXgb1qdnwCXXz_37fbXPQoIlBwtsDmMfSDmldmrhz9y7VoaG_5EFFEfSp4hJkqFdeApMtgK3O9ZYLBjk&amp;__tn__=-]K-R\">Sandrine Durochat<\/a>  &#8211; <a href=\"https:\/\/www.facebook.com\/sebastien.thevenyauteur.77?__cft__[0]=AZX3EsFdbWIwilaxgCptvo-aPbb_UIq6dMeCiMetpiRl5zA0v7MSjRd-aWeYoms5IiLosH9ylsrPz9dOqu8_5c0nKe478VCSgdJJgHV-ZK-wUhp7bG8kXgb1qdnwCXXz_37fbXPQoIlBwtsDmMfSDmldmrhz9y7VoaG_5EFFEfSp4hJkqFdeApMtgK3O9ZYLBjk&amp;__tn__=-]K-R\">S\u00e9bastien Theveny Auteur<\/a>  &#8211; <a href=\"https:\/\/www.facebook.com\/james.holin?__cft__[0]=AZX3EsFdbWIwilaxgCptvo-aPbb_UIq6dMeCiMetpiRl5zA0v7MSjRd-aWeYoms5IiLosH9ylsrPz9dOqu8_5c0nKe478VCSgdJJgHV-ZK-wUhp7bG8kXgb1qdnwCXXz_37fbXPQoIlBwtsDmMfSDmldmrhz9y7VoaG_5EFFEfSp4hJkqFdeApMtgK3O9ZYLBjk&amp;__tn__=-]K-R\">James Holin<\/a> &#8211; <a href=\"https:\/\/www.facebook.com\/laurent.philipparie?__cft__[0]=AZX3EsFdbWIwilaxgCptvo-aPbb_UIq6dMeCiMetpiRl5zA0v7MSjRd-aWeYoms5IiLosH9ylsrPz9dOqu8_5c0nKe478VCSgdJJgHV-ZK-wUhp7bG8kXgb1qdnwCXXz_37fbXPQoIlBwtsDmMfSDmldmrhz9y7VoaG_5EFFEfSp4hJkqFdeApMtgK3O9ZYLBjk&amp;__tn__=-]K-R\">Laurent Philipparie<\/a><\/h4>\n\n\n\n<figure class=\"wp-block-embed is-type-video is-provider-youtube wp-block-embed-youtube wp-embed-aspect-16-9 wp-has-aspect-ratio\"><div class=\"wp-block-embed__wrapper\">\n<iframe loading=\"lazy\" title=\"D\u00e9bat L&#039;Automne sera noir - Sandrine DUROCHAT - S\u00e9bastien THEVENY -James HOLIN - Laurent PHILIPPARIE\" width=\"500\" height=\"281\" src=\"https:\/\/www.youtube.com\/embed\/XugY3_Yn-lU?feature=oembed\" frameborder=\"0\" allow=\"accelerometer; autoplay; clipboard-write; encrypted-media; gyroscope; picture-in-picture; web-share\" referrerpolicy=\"strict-origin-when-cross-origin\" allowfullscreen><\/iframe>\n<\/div><\/figure>\n\n\n\n<div class=\"wp-block-comments\">\t<div id=\"respond\" class=\"comment-respond wp-block-post-comments-form\">\n\t\t<h3 id=\"reply-title\" class=\"comment-reply-title\">Laisser un commentaire <small><a rel=\"nofollow\" id=\"cancel-comment-reply-link\" href=\"\/index.php\/wp-json\/wp\/v2\/pages\/455#respond\" style=\"display:none;\">Annuler la r\u00e9ponse<\/a><\/small><\/h3><form action=\"https:\/\/lautomneseranoir.fr\/wp-comments-post.php\" method=\"post\" id=\"commentform\" class=\"comment-form\"><p class=\"comment-notes\"><span id=\"email-notes\">Votre adresse e-mail ne sera pas publi\u00e9e.<\/span> <span class=\"required-field-message\">Les champs obligatoires sont indiqu\u00e9s avec <span class=\"required\">*<\/span><\/span><\/p><p class=\"comment-form-comment\"><label for=\"comment\">Commentaire <span class=\"required\">*<\/span><\/label> <textarea id=\"comment\" name=\"comment\" cols=\"45\" rows=\"8\" maxlength=\"65525\" required><\/textarea><\/p><p class=\"comment-form-author\"><label for=\"author\">Nom <span class=\"required\">*<\/span><\/label> <input id=\"author\" name=\"author\" type=\"text\" value=\"\" size=\"30\" maxlength=\"245\" autocomplete=\"name\" required \/><\/p>\n<p class=\"comment-form-email\"><label for=\"email\">E-mail <span class=\"required\">*<\/span><\/label> <input id=\"email\" name=\"email\" type=\"email\" value=\"\" size=\"30\" maxlength=\"100\" aria-describedby=\"email-notes\" autocomplete=\"email\" required \/><\/p>\n<p class=\"comment-form-url\"><label for=\"url\">Site web<\/label> <input id=\"url\" name=\"url\" type=\"url\" value=\"\" size=\"30\" maxlength=\"200\" autocomplete=\"url\" \/><\/p>\n<p class=\"comment-form-cookies-consent\"><input id=\"wp-comment-cookies-consent\" name=\"wp-comment-cookies-consent\" type=\"checkbox\" value=\"yes\" \/> <label for=\"wp-comment-cookies-consent\">Enregistrer mon nom, mon e-mail et mon site dans le navigateur pour mon prochain commentaire.<\/label><\/p>\n<p class=\"form-submit wp-block-button\"><input name=\"submit\" type=\"submit\" id=\"submit\" class=\"wp-block-button__link wp-element-button\" value=\"Laisser un commentaire\" \/> <input type='hidden' name='comment_post_ID' value='455' id='comment_post_ID' \/>\n<input type='hidden' name='comment_parent' id='comment_parent' value='0' \/>\n<\/p><\/form>\t<\/div><!-- #respond -->\n\t\n\n\n<div class=\"wp-block-group is-layout-constrained wp-block-group-is-layout-constrained\">\n\n<\/div>\n<\/div>\n","protected":false},"excerpt":{"rendered":"<p>Durant le salon, des d\u00e9bats ont \u00e9t\u00e9 r\u00e9alis\u00e9 avec des auteurs. Ces d\u00e9bats ont \u00e9t\u00e9 anim\u00e9s par Marie-Laure Sifferlen qui est blogueuse litt\u00e9raire sur MA FOLIE LIVRESQUE Didier FOSSEY &#8211; Isabelle DESAULVE &#8211; Oph\u00e9lie COHEN &#8211; Xavier MASS\u00c9 Romain R. Martin &#8211; Branciard Marie-H\u00e9l\u00e8ne &#8211; Jean-Pierre Favard Danielle Thiery &#8211; Pierre Pouchairet &#8211; Anouk Shutterberg [&hellip;]<\/p>\n","protected":false},"author":1,"featured_media":0,"parent":0,"menu_order":0,"comment_status":"open","ping_status":"closed","template":"","meta":{"footnotes":""},"class_list":["post-455","page","type-page","status-publish","hentry"],"_links":{"self":[{"href":"https:\/\/lautomneseranoir.fr\/index.php\/wp-json\/wp\/v2\/pages\/455","targetHints":{"allow":["GET"]}}],"collection":[{"href":"https:\/\/lautomneseranoir.fr\/index.php\/wp-json\/wp\/v2\/pages"}],"about":[{"href":"https:\/\/lautomneseranoir.fr\/index.php\/wp-json\/wp\/v2\/types\/page"}],"author":[{"embeddable":true,"href":"https:\/\/lautomneseranoir.fr\/index.php\/wp-json\/wp\/v2\/users\/1"}],"replies":[{"embeddable":true,"href":"https:\/\/lautomneseranoir.fr\/index.php\/wp-json\/wp\/v2\/comments?post=455"}],"version-history":[{"count":8,"href":"https:\/\/lautomneseranoir.fr\/index.php\/wp-json\/wp\/v2\/pages\/455\/revisions"}],"predecessor-version":[{"id":482,"href":"https:\/\/lautomneseranoir.fr\/index.php\/wp-json\/wp\/v2\/pages\/455\/revisions\/482"}],"wp:attachment":[{"href":"https:\/\/lautomneseranoir.fr\/index.php\/wp-json\/wp\/v2\/media?parent=455"}],"curies":[{"name":"wp","href":"https:\/\/api.w.org\/{rel}","templated":true}]}}