{"id":40,"date":"2023-08-28T19:13:04","date_gmt":"2023-08-28T17:13:04","guid":{"rendered":"https:\/\/lautomneseranoir.fr\/?page_id=40"},"modified":"2026-03-29T10:09:59","modified_gmt":"2026-03-29T08:09:59","slug":"les-partenaires","status":"publish","type":"page","link":"https:\/\/lautomneseranoir.fr\/index.php\/les-partenaires\/","title":{"rendered":"Les partenaires 2025"},"content":{"rendered":"\n<p class=\"has-text-align-center has-source-serif-pro-font-family has-large-font-size\">L&rsquo;association \u00ab\u00a0L&rsquo;Automne sera Noir\u00a0\u00bb tient \u00e0 remercier les m\u00e9c\u00e8nes qui permettent salon de voir le jour !<\/p>\n\n\n\n<div class=\"wp-block-group is-layout-constrained wp-block-group-is-layout-constrained\">\n<figure class=\"wp-block-image aligncenter size-full\"><a href=\"https:\/\/www.credit-agricole.fr\/ca-franchecomte\/particulier.html\" target=\"_blank\" rel=\" noreferrer noopener\"><img loading=\"lazy\" decoding=\"async\" width=\"777\" height=\"130\" src=\"https:\/\/lautomneseranoir.fr\/wp-content\/uploads\/2025\/08\/image-6.png\" alt=\"\" class=\"wp-image-889\" srcset=\"https:\/\/lautomneseranoir.fr\/wp-content\/uploads\/2025\/08\/image-6.png 777w, https:\/\/lautomneseranoir.fr\/wp-content\/uploads\/2025\/08\/image-6-300x50.png 300w, https:\/\/lautomneseranoir.fr\/wp-content\/uploads\/2025\/08\/image-6-768x128.png 768w\" sizes=\"auto, (max-width: 777px) 100vw, 777px\" \/><\/a><\/figure>\n\n\n\n<figure class=\"wp-block-image aligncenter size-full\"><a href=\"https:\/\/www.magasins-u.com\/magasin\/superu-tavaux.m62010\" target=\"_blank\" rel=\" noreferrer noopener\"><img loading=\"lazy\" decoding=\"async\" width=\"680\" height=\"119\" src=\"https:\/\/lautomneseranoir.fr\/wp-content\/uploads\/2025\/08\/image-25.png\" alt=\"\" class=\"wp-image-913\" srcset=\"https:\/\/lautomneseranoir.fr\/wp-content\/uploads\/2025\/08\/image-25.png 680w, https:\/\/lautomneseranoir.fr\/wp-content\/uploads\/2025\/08\/image-25-300x53.png 300w\" sizes=\"auto, (max-width: 680px) 100vw, 680px\" \/><\/a><\/figure>\n\n\n\n<figure class=\"wp-block-image aligncenter size-full\"><a href=\"https:\/\/www.francebleu.fr\/radio\/besancon\" target=\"_blank\" rel=\" noreferrer noopener\"><img loading=\"lazy\" decoding=\"async\" width=\"426\" height=\"118\" src=\"https:\/\/lautomneseranoir.fr\/wp-content\/uploads\/2025\/08\/image-26.png\" alt=\"\" class=\"wp-image-914\" srcset=\"https:\/\/lautomneseranoir.fr\/wp-content\/uploads\/2025\/08\/image-26.png 426w, https:\/\/lautomneseranoir.fr\/wp-content\/uploads\/2025\/08\/image-26-300x83.png 300w\" sizes=\"auto, (max-width: 426px) 100vw, 426px\" \/><\/a><\/figure>\n\n\n\n<div class=\"wp-block-group is-content-justification-center is-nowrap is-layout-flex wp-container-core-group-is-layout-23441af8 wp-block-group-is-layout-flex\">\n<div class=\"wp-block-group is-nowrap is-layout-flex wp-container-core-group-is-layout-6c531013 wp-block-group-is-layout-flex\">\n<figure class=\"wp-block-image size-full is-resized\"><a href=\"https:\/\/www.euromenuiseries.fr\/\" target=\"_blank\" rel=\" noreferrer noopener\"><img loading=\"lazy\" decoding=\"async\" width=\"529\" height=\"785\" src=\"https:\/\/lautomneseranoir.fr\/wp-content\/uploads\/2025\/08\/image-7.png\" alt=\"\" class=\"wp-image-890\" style=\"width:auto;height:400px\" srcset=\"https:\/\/lautomneseranoir.fr\/wp-content\/uploads\/2025\/08\/image-7.png 529w, https:\/\/lautomneseranoir.fr\/wp-content\/uploads\/2025\/08\/image-7-202x300.png 202w\" sizes=\"auto, (max-width: 529px) 100vw, 529px\" \/><\/a><\/figure>\n\n\n\n<figure class=\"wp-block-image size-full is-resized\"><a href=\"https:\/\/share.google\/OKj34Ds9b6EfELw5T\" target=\"_blank\" rel=\" noreferrer noopener\"><img loading=\"lazy\" decoding=\"async\" width=\"266\" height=\"375\" src=\"https:\/\/lautomneseranoir.fr\/wp-content\/uploads\/2025\/08\/image-8.png\" alt=\"\" class=\"wp-image-893\" style=\"width:auto;height:400px\" srcset=\"https:\/\/lautomneseranoir.fr\/wp-content\/uploads\/2025\/08\/image-8.png 266w, https:\/\/lautomneseranoir.fr\/wp-content\/uploads\/2025\/08\/image-8-213x300.png 213w\" sizes=\"auto, (max-width: 266px) 100vw, 266px\" \/><\/a><\/figure>\n<\/div>\n<\/div>\n\n\n\n<div class=\"wp-block-group is-content-justification-center is-nowrap is-layout-flex wp-container-core-group-is-layout-23441af8 wp-block-group-is-layout-flex\">\n<figure class=\"wp-block-image size-full is-resized\"><a href=\"https:\/\/www.myproxi.fr\/proxi-tabac-presse-loto-epicerie-le-deschaux\" target=\"_blank\" rel=\" noreferrer noopener\"><img loading=\"lazy\" decoding=\"async\" width=\"278\" height=\"190\" src=\"https:\/\/lautomneseranoir.fr\/wp-content\/uploads\/2025\/08\/image-1.png\" alt=\"\" class=\"wp-image-883\" style=\"width:auto;height:250px\"\/><\/a><\/figure>\n\n\n\n<figure class=\"wp-block-image size-full is-resized\"><a href=\"https:\/\/share.google\/0XjBrxcyA2BWkJl4Q\" target=\"_blank\" rel=\" noreferrer noopener\"><img loading=\"lazy\" decoding=\"async\" width=\"269\" height=\"190\" src=\"https:\/\/lautomneseranoir.fr\/wp-content\/uploads\/2025\/08\/image-4.png\" alt=\"\" class=\"wp-image-886\" style=\"width:auto;height:250px\"\/><\/a><\/figure>\n<\/div>\n\n\n\n<figure class=\"wp-block-image aligncenter size-full is-resized\"><a href=\"https:\/\/www.lesoizeauxdepassage.fr\/\" target=\"_blank\" rel=\" noreferrer noopener\"><img loading=\"lazy\" decoding=\"async\" width=\"478\" height=\"181\" src=\"https:\/\/lautomneseranoir.fr\/wp-content\/uploads\/2025\/08\/image-3.png\" alt=\"\" class=\"wp-image-887\" style=\"width:auto;height:250px\" srcset=\"https:\/\/lautomneseranoir.fr\/wp-content\/uploads\/2025\/08\/image-3.png 478w, https:\/\/lautomneseranoir.fr\/wp-content\/uploads\/2025\/08\/image-3-300x114.png 300w\" sizes=\"auto, (max-width: 478px) 100vw, 478px\" \/><\/a><\/figure>\n\n\n\n<div class=\"wp-block-group is-nowrap is-layout-flex wp-container-core-group-is-layout-6c531013 wp-block-group-is-layout-flex\">\n<div class=\"wp-block-group is-nowrap is-layout-flex wp-container-core-group-is-layout-6c531013 wp-block-group-is-layout-flex\">\n<figure class=\"wp-block-image size-full is-resized\"><a href=\"https:\/\/www.charpente-bornier-clement.com\/\" target=\"_blank\" rel=\" noreferrer noopener\"><img loading=\"lazy\" decoding=\"async\" width=\"296\" height=\"190\" src=\"https:\/\/lautomneseranoir.fr\/wp-content\/uploads\/2025\/08\/image-5.png\" alt=\"\" class=\"wp-image-888\" style=\"width:auto;height:250px\"\/><\/a><\/figure>\n<\/div>\n\n\n\n<div class=\"wp-block-group is-nowrap is-layout-flex wp-container-core-group-is-layout-6c531013 wp-block-group-is-layout-flex\">\n<div class=\"wp-block-group is-nowrap is-layout-flex wp-container-core-group-is-layout-6c531013 wp-block-group-is-layout-flex\">\n<figure class=\"wp-block-image size-full is-resized\"><img loading=\"lazy\" decoding=\"async\" width=\"308\" height=\"169\" src=\"https:\/\/lautomneseranoir.fr\/wp-content\/uploads\/2025\/08\/image-9.png\" alt=\"\" class=\"wp-image-894\" style=\"width:auto;height:250px\" srcset=\"https:\/\/lautomneseranoir.fr\/wp-content\/uploads\/2025\/08\/image-9.png 308w, https:\/\/lautomneseranoir.fr\/wp-content\/uploads\/2025\/08\/image-9-300x165.png 300w\" sizes=\"auto, (max-width: 308px) 100vw, 308px\" \/><\/figure>\n<\/div>\n<\/div>\n<\/div>\n\n\n\n<div class=\"wp-block-group is-nowrap is-layout-flex wp-container-core-group-is-layout-6c531013 wp-block-group-is-layout-flex\">\n<figure class=\"wp-block-image size-full is-resized\"><a href=\"https:\/\/www.pagesjaunes.fr\/pros\/60600270\" target=\"_blank\" rel=\" noreferrer noopener\"><img loading=\"lazy\" decoding=\"async\" width=\"266\" height=\"190\" src=\"https:\/\/lautomneseranoir.fr\/wp-content\/uploads\/2025\/08\/image-10.png\" alt=\"\" class=\"wp-image-895\" style=\"width:auto;height:250px\"\/><\/a><\/figure>\n\n\n\n<figure class=\"wp-block-image size-full is-resized\"><a href=\"https:\/\/www.ramonage-satori-henri.fr\" target=\"_blank\" rel=\" noreferrer noopener\"><img loading=\"lazy\" decoding=\"async\" width=\"334\" height=\"239\" src=\"https:\/\/lautomneseranoir.fr\/wp-content\/uploads\/2025\/08\/image-16.png\" alt=\"\" class=\"wp-image-903\" style=\"width:auto;height:250px\" srcset=\"https:\/\/lautomneseranoir.fr\/wp-content\/uploads\/2025\/08\/image-16.png 334w, https:\/\/lautomneseranoir.fr\/wp-content\/uploads\/2025\/08\/image-16-300x215.png 300w\" sizes=\"auto, (max-width: 334px) 100vw, 334px\" \/><\/a><\/figure>\n<\/div>\n\n\n\n<figure class=\"wp-block-image size-full is-resized\"><a href=\"https:\/\/www.intermarche.com\/magasins\/02917\/asnans-beauvoisin-39120\/infos-pratiques?srsltid=AfmBOooiOEjm1sjSpFZK94Sob6CIoiTTcrIaQm0bsSa6ugXs05EJ0giw\" target=\"_blank\" rel=\" noreferrer noopener\"><img loading=\"lazy\" decoding=\"async\" width=\"370\" height=\"138\" src=\"https:\/\/lautomneseranoir.fr\/wp-content\/uploads\/2025\/08\/image-12.png\" alt=\"\" class=\"wp-image-900\" style=\"width:auto;height:250px\" srcset=\"https:\/\/lautomneseranoir.fr\/wp-content\/uploads\/2025\/08\/image-12.png 370w, https:\/\/lautomneseranoir.fr\/wp-content\/uploads\/2025\/08\/image-12-300x112.png 300w\" sizes=\"auto, (max-width: 370px) 100vw, 370px\" \/><\/a><\/figure>\n\n\n\n<figure class=\"wp-block-image size-full is-resized\"><a href=\"https:\/\/agence.axa.fr\/distributeur\/0004332804\" target=\"_blank\" rel=\" noreferrer noopener\"><img loading=\"lazy\" decoding=\"async\" width=\"508\" height=\"138\" src=\"https:\/\/lautomneseranoir.fr\/wp-content\/uploads\/2025\/08\/image-13.png\" alt=\"\" class=\"wp-image-899\" style=\"width:auto;height:250px\" srcset=\"https:\/\/lautomneseranoir.fr\/wp-content\/uploads\/2025\/08\/image-13.png 508w, https:\/\/lautomneseranoir.fr\/wp-content\/uploads\/2025\/08\/image-13-300x81.png 300w\" sizes=\"auto, (max-width: 508px) 100vw, 508px\" \/><\/a><\/figure>\n\n\n\n<div class=\"wp-block-group is-nowrap is-layout-flex wp-container-core-group-is-layout-6c531013 wp-block-group-is-layout-flex\">\n<figure class=\"wp-block-image size-full is-resized\"><a href=\"https:\/\/share.google\/YJNZjWSSDbEW331YQ\" target=\"_blank\" rel=\" noreferrer noopener\"><img loading=\"lazy\" decoding=\"async\" width=\"266\" height=\"190\" src=\"https:\/\/lautomneseranoir.fr\/wp-content\/uploads\/2025\/08\/image-15.png\" alt=\"\" class=\"wp-image-902\" style=\"width:auto;height:250px\"\/><\/a><\/figure>\n\n\n\n<figure class=\"wp-block-image size-full is-resized\"><a href=\"https:\/\/share.google\/j6qL1xXQqvyhn7srX\" target=\"_blank\" rel=\" noreferrer noopener\"><img loading=\"lazy\" decoding=\"async\" width=\"218\" height=\"214\" src=\"https:\/\/lautomneseranoir.fr\/wp-content\/uploads\/2025\/08\/image-11.png\" alt=\"\" class=\"wp-image-896\" style=\"width:auto;height:250px\"\/><\/a><\/figure>\n<\/div>\n\n\n\n<div class=\"wp-block-group is-nowrap is-layout-flex wp-container-core-group-is-layout-6c531013 wp-block-group-is-layout-flex\">\n<figure class=\"wp-block-image size-full is-resized\"><a href=\"https:\/\/www.bonnin39.fr\/\" target=\"_blank\" rel=\" noreferrer noopener\"><img loading=\"lazy\" decoding=\"async\" width=\"288\" height=\"190\" src=\"https:\/\/lautomneseranoir.fr\/wp-content\/uploads\/2025\/08\/image-14.png\" alt=\"\" class=\"wp-image-901\" style=\"width:auto;height:250px\"\/><\/a><\/figure>\n\n\n\n<figure class=\"wp-block-image size-full is-resized\"><a href=\"https:\/\/share.google\/4el6jRAD4q5Twy3xU\" target=\"_blank\" rel=\" noreferrer noopener\"><img loading=\"lazy\" decoding=\"async\" width=\"336\" height=\"239\" src=\"https:\/\/lautomneseranoir.fr\/wp-content\/uploads\/2025\/08\/image-17.png\" alt=\"\" class=\"wp-image-904\" style=\"width:auto;height:250px\" srcset=\"https:\/\/lautomneseranoir.fr\/wp-content\/uploads\/2025\/08\/image-17.png 336w, https:\/\/lautomneseranoir.fr\/wp-content\/uploads\/2025\/08\/image-17-300x213.png 300w\" sizes=\"auto, (max-width: 336px) 100vw, 336px\" \/><\/a><\/figure>\n<\/div>\n\n\n\n<div class=\"wp-block-group is-nowrap is-layout-flex wp-container-core-group-is-layout-6c531013 wp-block-group-is-layout-flex\">\n<figure class=\"wp-block-image size-full is-resized\"><a href=\"http:\/\/www.haut-doubs-bois.com\/\" target=\"_blank\" rel=\" noreferrer noopener\"><img loading=\"lazy\" decoding=\"async\" width=\"390\" height=\"169\" src=\"https:\/\/lautomneseranoir.fr\/wp-content\/uploads\/2025\/08\/image-23.png\" alt=\"\" class=\"wp-image-911\" style=\"width:auto;height:180px\" srcset=\"https:\/\/lautomneseranoir.fr\/wp-content\/uploads\/2025\/08\/image-23.png 390w, https:\/\/lautomneseranoir.fr\/wp-content\/uploads\/2025\/08\/image-23-300x130.png 300w\" sizes=\"auto, (max-width: 390px) 100vw, 390px\" \/><\/a><\/figure>\n\n\n\n<figure class=\"wp-block-image size-full is-resized\"><a href=\"https:\/\/www.jb-chaussures.fr\/\" target=\"_blank\" rel=\" noreferrer noopener\"><img loading=\"lazy\" decoding=\"async\" width=\"266\" height=\"134\" src=\"https:\/\/lautomneseranoir.fr\/wp-content\/uploads\/2025\/08\/image-22.png\" alt=\"\" class=\"wp-image-909\" style=\"width:auto;height:180px\"\/><\/a><\/figure>\n<\/div>\n\n\n\n<div class=\"wp-block-group is-nowrap is-layout-flex wp-container-core-group-is-layout-6c531013 wp-block-group-is-layout-flex\">\n<figure class=\"wp-block-image size-full is-resized\"><a href=\"https:\/\/czc-charpentier-jura.fr\/\" target=\"_blank\" rel=\" noreferrer noopener\"><img loading=\"lazy\" decoding=\"async\" width=\"494\" height=\"176\" src=\"https:\/\/lautomneseranoir.fr\/wp-content\/uploads\/2025\/08\/image-24.png\" alt=\"\" class=\"wp-image-912\" style=\"width:auto;height:200px\" srcset=\"https:\/\/lautomneseranoir.fr\/wp-content\/uploads\/2025\/08\/image-24.png 494w, https:\/\/lautomneseranoir.fr\/wp-content\/uploads\/2025\/08\/image-24-300x107.png 300w\" sizes=\"auto, (max-width: 494px) 100vw, 494px\" \/><\/a><\/figure>\n\n\n\n<figure class=\"wp-block-image size-full is-resized\"><a href=\"https:\/\/share.google\/h9fK7NgQW38m9TyD5\" target=\"_blank\" rel=\" noreferrer noopener\"><img loading=\"lazy\" decoding=\"async\" width=\"198\" height=\"198\" src=\"https:\/\/lautomneseranoir.fr\/wp-content\/uploads\/2025\/08\/image-27.png\" alt=\"\" class=\"wp-image-920\" style=\"width:auto;height:200px\" srcset=\"https:\/\/lautomneseranoir.fr\/wp-content\/uploads\/2025\/08\/image-27.png 198w, https:\/\/lautomneseranoir.fr\/wp-content\/uploads\/2025\/08\/image-27-150x150.png 150w\" sizes=\"auto, (max-width: 198px) 100vw, 198px\" \/><\/a><\/figure>\n<\/div>\n\n\n\n<div class=\"wp-block-group is-nowrap is-layout-flex wp-container-core-group-is-layout-6c531013 wp-block-group-is-layout-flex\">\n<figure class=\"wp-block-image size-full is-resized\"><a href=\"https:\/\/www.fruitiere-vinicole-arbois.fr\/\" target=\"_blank\" rel=\" noreferrer noopener\"><img loading=\"lazy\" decoding=\"async\" width=\"420\" height=\"180\" src=\"https:\/\/lautomneseranoir.fr\/wp-content\/uploads\/2025\/08\/image-28.png\" alt=\"\" class=\"wp-image-921\" style=\"width:auto;height:200px\" srcset=\"https:\/\/lautomneseranoir.fr\/wp-content\/uploads\/2025\/08\/image-28.png 420w, https:\/\/lautomneseranoir.fr\/wp-content\/uploads\/2025\/08\/image-28-300x129.png 300w\" sizes=\"auto, (max-width: 420px) 100vw, 420px\" \/><\/a><\/figure>\n\n\n\n<figure class=\"wp-block-image size-full is-resized\"><a href=\"https:\/\/www.gp-automobiles.fr\/\" target=\"_blank\" rel=\" noreferrer noopener\"><img loading=\"lazy\" decoding=\"async\" width=\"250\" height=\"180\" src=\"https:\/\/lautomneseranoir.fr\/wp-content\/uploads\/2025\/08\/image-29.png\" alt=\"\" class=\"wp-image-922\" style=\"width:auto;height:200px\"\/><\/a><\/figure>\n<\/div>\n\n\n\n<p><\/p>\n<\/div>\n\n\n\n<div class=\"wp-block-group is-content-justification-center is-nowrap is-layout-flex wp-container-core-group-is-layout-23441af8 wp-block-group-is-layout-flex\">\n<figure class=\"wp-block-image size-full\"><a href=\"https:\/\/www.jura.fr\/\" target=\"_blank\" rel=\" noreferrer noopener\"><img loading=\"lazy\" decoding=\"async\" width=\"201\" height=\"251\" src=\"https:\/\/lautomneseranoir.fr\/wp-content\/uploads\/2024\/08\/21-Logo-departement-JURA.png\" alt=\"\" class=\"wp-image-725\"\/><\/a><\/figure>\n\n\n\n<figure class=\"wp-block-image size-full\"><a href=\"https:\/\/www.grand-dole.fr\/\" target=\"_blank\" rel=\" noreferrer noopener\"><img loading=\"lazy\" decoding=\"async\" width=\"338\" height=\"188\" src=\"https:\/\/lautomneseranoir.fr\/wp-content\/uploads\/2024\/08\/22-Logo-Ca-Grand-Dole.png\" alt=\"\" class=\"wp-image-726\" srcset=\"https:\/\/lautomneseranoir.fr\/wp-content\/uploads\/2024\/08\/22-Logo-Ca-Grand-Dole.png 338w, https:\/\/lautomneseranoir.fr\/wp-content\/uploads\/2024\/08\/22-Logo-Ca-Grand-Dole-300x167.png 300w\" sizes=\"auto, (max-width: 338px) 100vw, 338px\" \/><\/a><\/figure>\n\n\n\n<figure class=\"wp-block-image size-full\"><a href=\"https:\/\/mediatheques.grand-dole.fr\/\" target=\"_blank\" rel=\" noreferrer noopener\"><img loading=\"lazy\" decoding=\"async\" width=\"240\" height=\"210\" src=\"https:\/\/lautomneseranoir.fr\/wp-content\/uploads\/2024\/08\/24-Logo-Reseau-des-mediateque-du-Grand-Dole.jpg\" alt=\"\" class=\"wp-image-727\"\/><\/a><\/figure>\n<\/div>\n\n\n\n<figure class=\"wp-block-image size-full\"><a href=\"https:\/\/www.le-deschaux.fr\/\" target=\"_blank\" rel=\" noreferrer noopener\"><img loading=\"lazy\" decoding=\"async\" width=\"615\" height=\"187\" src=\"https:\/\/lautomneseranoir.fr\/wp-content\/uploads\/2024\/08\/23-Logo-Le-Deschaux.png\" alt=\"\" class=\"wp-image-728\" srcset=\"https:\/\/lautomneseranoir.fr\/wp-content\/uploads\/2024\/08\/23-Logo-Le-Deschaux.png 615w, https:\/\/lautomneseranoir.fr\/wp-content\/uploads\/2024\/08\/23-Logo-Le-Deschaux-300x91.png 300w\" sizes=\"auto, (max-width: 615px) 100vw, 615px\" \/><\/a><\/figure>\n\n\n\n<p><\/p>\n","protected":false},"excerpt":{"rendered":"<p>L&rsquo;association \u00ab\u00a0L&rsquo;Automne sera Noir\u00a0\u00bb tient \u00e0 remercier les m\u00e9c\u00e8nes qui permettent salon de voir le jour !<\/p>\n","protected":false},"author":1,"featured_media":0,"parent":0,"menu_order":0,"comment_status":"closed","ping_status":"closed","template":"","meta":{"footnotes":""},"class_list":["post-40","page","type-page","status-publish","hentry"],"_links":{"self":[{"href":"https:\/\/lautomneseranoir.fr\/index.php\/wp-json\/wp\/v2\/pages\/40","targetHints":{"allow":["GET"]}}],"collection":[{"href":"https:\/\/lautomneseranoir.fr\/index.php\/wp-json\/wp\/v2\/pages"}],"about":[{"href":"https:\/\/lautomneseranoir.fr\/index.php\/wp-json\/wp\/v2\/types\/page"}],"author":[{"embeddable":true,"href":"https:\/\/lautomneseranoir.fr\/index.php\/wp-json\/wp\/v2\/users\/1"}],"replies":[{"embeddable":true,"href":"https:\/\/lautomneseranoir.fr\/index.php\/wp-json\/wp\/v2\/comments?post=40"}],"version-history":[{"count":16,"href":"https:\/\/lautomneseranoir.fr\/index.php\/wp-json\/wp\/v2\/pages\/40\/revisions"}],"predecessor-version":[{"id":1045,"href":"https:\/\/lautomneseranoir.fr\/index.php\/wp-json\/wp\/v2\/pages\/40\/revisions\/1045"}],"wp:attachment":[{"href":"https:\/\/lautomneseranoir.fr\/index.php\/wp-json\/wp\/v2\/media?parent=40"}],"curies":[{"name":"wp","href":"https:\/\/api.w.org\/{rel}","templated":true}]}}