{"id":167,"date":"2023-08-29T22:09:23","date_gmt":"2023-08-29T20:09:23","guid":{"rendered":"https:\/\/lautomneseranoir.fr\/?page_id=167"},"modified":"2026-05-11T09:34:28","modified_gmt":"2026-05-11T07:34:28","slug":"selectionnes-pour-le-prix-decouverte-la-vouivre-2023","status":"publish","type":"page","link":"https:\/\/lautomneseranoir.fr\/index.php\/selectionnes-pour-le-prix-decouverte-la-vouivre-2023\/","title":{"rendered":"Le Prix D\u00e9couverte LA VOUIVRE"},"content":{"rendered":"\n<p><\/p>\n\n\n\n<h2 class=\"wp-block-heading has-text-align-center\"><strong>2026<\/strong><\/h2>\n\n\n\n<h4 class=\"wp-block-heading has-text-align-center\"><strong>Les auteur(e)s s\u00e9lectionn\u00e9(e)s<\/strong><\/h4>\n\n\n\n<p>le Prix D\u00e9couverte LA VOUIVRE pour un premier Polar.<br>Le ou la laur\u00e9at(e) sera annonc\u00e9(e) le 5 septembre 2026 au moment du salon L&rsquo;automne sera noir qui se d\u00e9roulera au Deschaux dans Le Jura les 5 et 6 septembre 2026.<\/p>\n\n\n\n<figure class=\"wp-block-image size-large\"><img loading=\"lazy\" decoding=\"async\" width=\"720\" height=\"1024\" src=\"https:\/\/lautomneseranoir.fr\/wp-content\/uploads\/2026\/03\/Prix-Decouverte-la-Vouivre-2026-Manu-REA-720x1024.jpg\" alt=\"\" class=\"wp-image-1049\" srcset=\"https:\/\/lautomneseranoir.fr\/wp-content\/uploads\/2026\/03\/Prix-Decouverte-la-Vouivre-2026-Manu-REA-720x1024.jpg 720w, https:\/\/lautomneseranoir.fr\/wp-content\/uploads\/2026\/03\/Prix-Decouverte-la-Vouivre-2026-Manu-REA-211x300.jpg 211w, https:\/\/lautomneseranoir.fr\/wp-content\/uploads\/2026\/03\/Prix-Decouverte-la-Vouivre-2026-Manu-REA-768x1092.jpg 768w, https:\/\/lautomneseranoir.fr\/wp-content\/uploads\/2026\/03\/Prix-Decouverte-la-Vouivre-2026-Manu-REA-1080x1536.jpg 1080w, https:\/\/lautomneseranoir.fr\/wp-content\/uploads\/2026\/03\/Prix-Decouverte-la-Vouivre-2026-Manu-REA.jpg 1234w\" sizes=\"auto, (max-width: 720px) 100vw, 720px\" \/><\/figure>\n\n\n\n<hr class=\"wp-block-separator alignwide has-alpha-channel-opacity is-style-wide\" style=\"margin-top:var(--wp--preset--spacing--40);margin-bottom:var(--wp--preset--spacing--40)\"\/>\n\n\n\n<h2 class=\"wp-block-heading has-text-align-center\"><strong>Mel ESKARA<\/strong><\/h2>\n\n\n\n<figure class=\"wp-block-image size-large\"><img loading=\"lazy\" decoding=\"async\" width=\"720\" height=\"1024\" src=\"https:\/\/lautomneseranoir.fr\/wp-content\/uploads\/2026\/03\/Prix-Decouverte-la-Vouivre-2026-Mel-ESKERA-720x1024.jpg\" alt=\"\" class=\"wp-image-1048\" srcset=\"https:\/\/lautomneseranoir.fr\/wp-content\/uploads\/2026\/03\/Prix-Decouverte-la-Vouivre-2026-Mel-ESKERA-720x1024.jpg 720w, https:\/\/lautomneseranoir.fr\/wp-content\/uploads\/2026\/03\/Prix-Decouverte-la-Vouivre-2026-Mel-ESKERA-211x300.jpg 211w, https:\/\/lautomneseranoir.fr\/wp-content\/uploads\/2026\/03\/Prix-Decouverte-la-Vouivre-2026-Mel-ESKERA-768x1092.jpg 768w, https:\/\/lautomneseranoir.fr\/wp-content\/uploads\/2026\/03\/Prix-Decouverte-la-Vouivre-2026-Mel-ESKERA-1080x1536.jpg 1080w, https:\/\/lautomneseranoir.fr\/wp-content\/uploads\/2026\/03\/Prix-Decouverte-la-Vouivre-2026-Mel-ESKERA.jpg 1234w\" sizes=\"auto, (max-width: 720px) 100vw, 720px\" \/><\/figure>\n\n\n\n<hr class=\"wp-block-separator alignwide has-alpha-channel-opacity is-style-wide\" style=\"margin-top:var(--wp--preset--spacing--40);margin-bottom:var(--wp--preset--spacing--40)\"\/>\n\n\n\n<h2 class=\"wp-block-heading has-text-align-center\"><strong>\u00c9milie CHENI<\/strong><\/h2>\n\n\n\n<figure class=\"wp-block-image size-large\"><img loading=\"lazy\" decoding=\"async\" width=\"720\" height=\"1024\" src=\"https:\/\/lautomneseranoir.fr\/wp-content\/uploads\/2026\/03\/Prix-Decouverte-la-Vouivre-2026-Emilie-CHANI-720x1024.jpg\" alt=\"\" class=\"wp-image-1047\" srcset=\"https:\/\/lautomneseranoir.fr\/wp-content\/uploads\/2026\/03\/Prix-Decouverte-la-Vouivre-2026-Emilie-CHANI-720x1024.jpg 720w, https:\/\/lautomneseranoir.fr\/wp-content\/uploads\/2026\/03\/Prix-Decouverte-la-Vouivre-2026-Emilie-CHANI-211x300.jpg 211w, https:\/\/lautomneseranoir.fr\/wp-content\/uploads\/2026\/03\/Prix-Decouverte-la-Vouivre-2026-Emilie-CHANI-768x1092.jpg 768w, https:\/\/lautomneseranoir.fr\/wp-content\/uploads\/2026\/03\/Prix-Decouverte-la-Vouivre-2026-Emilie-CHANI-1080x1536.jpg 1080w, https:\/\/lautomneseranoir.fr\/wp-content\/uploads\/2026\/03\/Prix-Decouverte-la-Vouivre-2026-Emilie-CHANI.jpg 1234w\" sizes=\"auto, (max-width: 720px) 100vw, 720px\" \/><\/figure>\n\n\n\n<hr class=\"wp-block-separator alignwide has-alpha-channel-opacity is-style-wide\" style=\"margin-top:var(--wp--preset--spacing--80);margin-bottom:var(--wp--preset--spacing--80)\"\/>\n\n\n\n<h2 class=\"wp-block-heading has-text-align-center\"><strong>2025<\/strong><\/h2>\n\n\n\n<p>Pauline SALVI est gagnante du prix d\u00e9couverte 2025 LA VOUIVRE pour un premier polar pour son livre JE DONNE MA LANGUE AU CHAT aux \u00e9ditions Les Coud\u00e9es Franches.<\/p>\n\n\n\n<h3 class=\"wp-block-heading has-text-align-center\">Pauline SALVI<\/h3>\n\n\n\n<figure class=\"wp-block-image size-large\"><img loading=\"lazy\" decoding=\"async\" width=\"1024\" height=\"681\" src=\"https:\/\/lautomneseranoir.fr\/wp-content\/uploads\/2026\/05\/DSC_0062-1024x681.jpg\" alt=\"\" class=\"wp-image-1067\" srcset=\"https:\/\/lautomneseranoir.fr\/wp-content\/uploads\/2026\/05\/DSC_0062-1024x681.jpg 1024w, https:\/\/lautomneseranoir.fr\/wp-content\/uploads\/2026\/05\/DSC_0062-300x199.jpg 300w, https:\/\/lautomneseranoir.fr\/wp-content\/uploads\/2026\/05\/DSC_0062-768x511.jpg 768w, https:\/\/lautomneseranoir.fr\/wp-content\/uploads\/2026\/05\/DSC_0062-1536x1021.jpg 1536w, https:\/\/lautomneseranoir.fr\/wp-content\/uploads\/2026\/05\/DSC_0062-2048x1362.jpg 2048w\" sizes=\"auto, (max-width: 1024px) 100vw, 1024px\" \/><\/figure>\n\n\n\n<figure class=\"wp-block-image size-full\"><img loading=\"lazy\" decoding=\"async\" width=\"282\" height=\"400\" src=\"https:\/\/lautomneseranoir.fr\/wp-content\/uploads\/2026\/05\/JE-DONNE-MA-LANGUE-AU-CHAT.gif\" alt=\"\" class=\"wp-image-1069\"\/><\/figure>\n\n\n\n<hr class=\"wp-block-separator alignwide has-alpha-channel-opacity is-style-wide\" style=\"margin-top:var(--wp--preset--spacing--80);margin-bottom:var(--wp--preset--spacing--80)\"\/>\n\n\n\n<h2 class=\"wp-block-heading has-text-align-center\"><strong>2024<\/strong><\/h2>\n\n\n\n<p>Louise LEROUGE est gagnante du prix d\u00e9couverte 2024 LA VOUIVRE pour un premier polar pour son livre LE CORBEAU MUSELE paru en mars 2024 aux \u00e9ditions LE LYS BLEU.<\/p>\n\n\n\n<h4 class=\"wp-block-heading has-text-align-center\">Louise LEROUGE <\/h4>\n\n\n\n<figure class=\"wp-block-image size-thumbnail\"><img loading=\"lazy\" decoding=\"async\" width=\"150\" height=\"150\" src=\"https:\/\/lautomneseranoir.fr\/wp-content\/uploads\/2024\/07\/Louise-Lerouge-150x150.jpg\" alt=\"\" class=\"wp-image-617\" srcset=\"https:\/\/lautomneseranoir.fr\/wp-content\/uploads\/2024\/07\/Louise-Lerouge-150x150.jpg 150w, https:\/\/lautomneseranoir.fr\/wp-content\/uploads\/2024\/07\/Louise-Lerouge.jpg 256w\" sizes=\"auto, (max-width: 150px) 100vw, 150px\" \/><figcaption class=\"wp-element-caption\">Louise Lerouge pour son livre <strong>LE CORBEAU MUSEL\u00c9 <\/strong>paru le20 mars 2024 aux \u00c9ditions LE LYS BLEU.<\/figcaption><\/figure>\n\n\n\n<figure class=\"wp-block-image size-full\"><img loading=\"lazy\" decoding=\"async\" width=\"195\" height=\"279\" src=\"https:\/\/lautomneseranoir.fr\/wp-content\/uploads\/2024\/07\/51e1122B4-L._SX195_.jpg\" alt=\"\" class=\"wp-image-616\"\/><figcaption class=\"wp-element-caption\">ISBN-13 : 979-1042216610<br>324 pages <br>\u00c0 contrec\u0153ur, Ali\u00e9nor accepte d\u2019organiser un s\u00e9minaire universitaire \u00e0 Rennes-le-Ch\u00e2teau pour rendre service \u00e0 une \u00ab vieille \u00bb amie. Cependant, lorsque son coll\u00e8gue excentrique est retrouv\u00e9 mort dans des circonstances obscures, les soup\u00e7ons se portent sur elle. Alors que les th\u00e9ories fantasques de la victime \u00e9mergent, Ali\u00e9nor se trouve plong\u00e9e au c\u0153ur de myst\u00e8res \u00e9sot\u00e9riques et d\u2019\u00e9nigmes historiques. Parviendra-t-elle \u00e0 d\u00e9m\u00ealer le vrai du faux et \u00e0 \u00e9viter de se br\u00fbler les ailes dans cette intrigue ?<\/figcaption><\/figure>\n\n\n\n<hr class=\"wp-block-separator has-alpha-channel-opacity\" style=\"margin-top:var(--wp--preset--spacing--60);margin-bottom:var(--wp--preset--spacing--60)\"\/>\n\n\n\n<hr class=\"wp-block-separator alignfull has-alpha-channel-opacity is-style-wide\" style=\"margin-top:var(--wp--preset--spacing--80);margin-bottom:var(--wp--preset--spacing--80)\"\/>\n\n\n\n<h2 class=\"wp-block-heading has-text-align-center\"><strong>2023<\/strong><\/h2>\n\n\n\n<p>Arthur Rog\u00e9 gagnant du prix d\u00e9couverte 2023 LA VOUIVRE pour un premier polar pour son livre LE DERNIER JOUR paru en octobre 2022 aux \u00e9ditions du Gros Caillou sera \u00e0 Dole le 29 septembre 2023 en d\u00e9dicace \u00e0 la librairie Passerelle alors venez \u00e0 sa rencontre !!!<\/p>\n\n\n\n<figure class=\"wp-block-image size-large\"><img loading=\"lazy\" decoding=\"async\" width=\"901\" height=\"1024\" src=\"https:\/\/lautomneseranoir.fr\/wp-content\/uploads\/2023\/09\/384346736_1048540099496727_5457045846421166518_n-901x1024.jpg\" alt=\"\" class=\"wp-image-485\" srcset=\"https:\/\/lautomneseranoir.fr\/wp-content\/uploads\/2023\/09\/384346736_1048540099496727_5457045846421166518_n-901x1024.jpg 901w, https:\/\/lautomneseranoir.fr\/wp-content\/uploads\/2023\/09\/384346736_1048540099496727_5457045846421166518_n-264x300.jpg 264w, https:\/\/lautomneseranoir.fr\/wp-content\/uploads\/2023\/09\/384346736_1048540099496727_5457045846421166518_n-768x873.jpg 768w, https:\/\/lautomneseranoir.fr\/wp-content\/uploads\/2023\/09\/384346736_1048540099496727_5457045846421166518_n.jpg 1080w\" sizes=\"auto, (max-width: 901px) 100vw, 901px\" \/><\/figure>\n\n\n\n<h4 class=\"wp-block-heading has-text-align-center\"><strong>Laur\u00e9at 2023<\/strong><\/h4>\n\n\n\n<p>Michel VENEL a annonc\u00e9 lors de son discours que le laur\u00e9at 2023 du Prix D\u00e9couvert LA VOUIVRE  2023 est Arthur ROG\u00c9 pour son livre \u00ab\u00a0LE DERNIER jour\u00a0\u00bb<\/p>\n\n\n\n<figure class=\"wp-block-image size-full\"><img loading=\"lazy\" decoding=\"async\" width=\"828\" height=\"848\" src=\"https:\/\/lautomneseranoir.fr\/wp-content\/uploads\/2023\/09\/376849074_789979833132324_8695132649163033850_n.jpg\" alt=\"\" class=\"wp-image-459\" srcset=\"https:\/\/lautomneseranoir.fr\/wp-content\/uploads\/2023\/09\/376849074_789979833132324_8695132649163033850_n.jpg 828w, https:\/\/lautomneseranoir.fr\/wp-content\/uploads\/2023\/09\/376849074_789979833132324_8695132649163033850_n-293x300.jpg 293w, https:\/\/lautomneseranoir.fr\/wp-content\/uploads\/2023\/09\/376849074_789979833132324_8695132649163033850_n-768x787.jpg 768w\" sizes=\"auto, (max-width: 828px) 100vw, 828px\" \/><\/figure>\n\n\n\n<div class=\"wp-block-group is-layout-constrained wp-block-group-is-layout-constrained\">\n<p><\/p>\n\n\n\n<h4 class=\"wp-block-heading has-text-align-center\">Arthur ROG\u00c9<\/h4>\n\n\n\n<figure class=\"wp-block-image size-thumbnail\"><img loading=\"lazy\" decoding=\"async\" width=\"150\" height=\"150\" src=\"https:\/\/lautomneseranoir.fr\/wp-content\/uploads\/2023\/08\/AVT_Arthur-Roge_4383-150x150.webp\" alt=\"\" class=\"wp-image-190\"\/><figcaption class=\"wp-element-caption\">Arthur Rog\u00e9 pour son livre Le Dernier Jour sorti en octobre 2022 aux \u00e9ditions Du Gros Caillou<\/figcaption><\/figure>\n\n\n\n<figure class=\"wp-block-image size-full\"><img loading=\"lazy\" decoding=\"async\" width=\"195\" height=\"287\" src=\"https:\/\/lautomneseranoir.fr\/wp-content\/uploads\/2023\/08\/le-dernier-jour.jpg\" alt=\"\" class=\"wp-image-191\"\/><figcaption class=\"wp-element-caption\">Arthur Rog\u00e9 <br>EAN : 9782494202009 <br>288 pages <br>Les Editions du Gros caillou (05\/10\/2022)  <br>L\u00e9o-Paul Julianne, homme d\u2019affaires brillant, retrouve un matin de Janvier sa femme assassin\u00e9e. Il n\u2019a aucun souvenir, hormis l\u2019irruption sauvage de deux hommes au cours de la nuit, qui l\u2019ont laiss\u00e9 inconscient sur sa terrasse. Mais le cauchemar ne fait que commencer car ses deux enfants de 15 et 3 ans ont disparu. Ne pouvant se r\u00e9soudre au pire, L\u00e9o-Paul va devoir affronter ses pires d\u00e9mons dans une course d\u00e9sesp\u00e9r\u00e9e au c\u0153ur de Lyon, entre mensonges et faux-semblants, quitte \u00e0 devoir remuer un pass\u00e9 qu\u2019il aurait pr\u00e9f\u00e9r\u00e9 garder sous silence. Dans cette qu\u00eate, Georges Verch\u00e8re, inspecteur de la brigade criminelle, va tout tenter pour faire \u00e9clater la v\u00e9rit\u00e9 et mettre \u00e0 nu les failles de L\u00e9o-Paul. Le Dernier Jour nous fait traverser ces vingt-quatre heures, dans les noirceurs de l\u2019\u00e2me humaine, jusqu\u2019\u00e0 la r\u00e9v\u00e9lation finale.<\/figcaption><\/figure>\n<\/div>\n\n\n\n<hr class=\"wp-block-separator has-alpha-channel-opacity\"\/>\n","protected":false},"excerpt":{"rendered":"<p>2026 Les auteur(e)s s\u00e9lectionn\u00e9(e)s le Prix D\u00e9couverte LA VOUIVRE pour un premier Polar.Le ou la laur\u00e9at(e) sera annonc\u00e9(e) le 5 septembre 2026 au moment du salon L&rsquo;automne sera noir qui se d\u00e9roulera au Deschaux dans Le Jura les 5 et 6 septembre 2026. Mel ESKARA \u00c9milie CHENI 2025 Pauline SALVI est gagnante du prix d\u00e9couverte [&hellip;]<\/p>\n","protected":false},"author":1,"featured_media":0,"parent":0,"menu_order":0,"comment_status":"closed","ping_status":"closed","template":"","meta":{"footnotes":""},"class_list":["post-167","page","type-page","status-publish","hentry"],"_links":{"self":[{"href":"https:\/\/lautomneseranoir.fr\/index.php\/wp-json\/wp\/v2\/pages\/167","targetHints":{"allow":["GET"]}}],"collection":[{"href":"https:\/\/lautomneseranoir.fr\/index.php\/wp-json\/wp\/v2\/pages"}],"about":[{"href":"https:\/\/lautomneseranoir.fr\/index.php\/wp-json\/wp\/v2\/types\/page"}],"author":[{"embeddable":true,"href":"https:\/\/lautomneseranoir.fr\/index.php\/wp-json\/wp\/v2\/users\/1"}],"replies":[{"embeddable":true,"href":"https:\/\/lautomneseranoir.fr\/index.php\/wp-json\/wp\/v2\/comments?post=167"}],"version-history":[{"count":17,"href":"https:\/\/lautomneseranoir.fr\/index.php\/wp-json\/wp\/v2\/pages\/167\/revisions"}],"predecessor-version":[{"id":1070,"href":"https:\/\/lautomneseranoir.fr\/index.php\/wp-json\/wp\/v2\/pages\/167\/revisions\/1070"}],"wp:attachment":[{"href":"https:\/\/lautomneseranoir.fr\/index.php\/wp-json\/wp\/v2\/media?parent=167"}],"curies":[{"name":"wp","href":"https:\/\/api.w.org\/{rel}","templated":true}]}}